{"id":11,"date":"2018-01-03T13:37:23","date_gmt":"2018-01-03T13:37:23","guid":{"rendered":"http:\/\/gaznata.com\/?page_id=11"},"modified":"2018-01-04T22:42:41","modified_gmt":"2018-01-04T22:42:41","slug":"una-seccion-de-la-pagina-de-inicio","status":"publish","type":"page","link":"https:\/\/gaznata.com\/en\/una-seccion-de-la-pagina-de-inicio\/","title":{"rendered":"Vinos_old"},"content":{"rendered":"<p>&nbsp;<\/p>\n<div class=\"responsive-tabs\">\n<h2 class=\"tabtitle\">Gredos 2015<\/h2>\n<div class=\"tabcontent\">\n\n<p><img loading=\"lazy\" decoding=\"async\" class=\"alignnone size-medium wp-image-83\" src=\"http:\/\/gaznata.com\/wp-content\/uploads\/2018\/01\/botella-I-200x300.jpg\" alt=\"\" width=\"200\" height=\"300\" srcset=\"https:\/\/gaznata.com\/wp-content\/uploads\/2018\/01\/botella-I-200x300.jpg 200w, https:\/\/gaznata.com\/wp-content\/uploads\/2018\/01\/botella-I-768x1152.jpg 768w, https:\/\/gaznata.com\/wp-content\/uploads\/2018\/01\/botella-I-683x1024.jpg 683w, https:\/\/gaznata.com\/wp-content\/uploads\/2018\/01\/botella-I.jpg 2000w\" sizes=\"(max-width: 200px) 100vw, 200px\" \/><\/p>\n<p><em><strong>GAZNATA Gredos 2015.<\/strong> <\/em><\/p>\n<p>Vino tinto elaborado a partir de uvas 100% Garnacha, procedente de dos \u00fanicas parcelas de orientaci\u00f3n norte en la zona de Valdelate, en el Barraco, en la sierra de Gredos.<\/p>\n<p>Vi\u00f1edos de suelos arenosos a unos 890 metros de altitud y con una edad media de 95 a\u00f1os. A diferencia de sus hermanos, este vino busca la expresi\u00f3n de la complejidad y la sutilidad de la garnacha a trav\u00e9s de la evoluci\u00f3n prolongada y de los aportes a la misma que le otorga la permanencia en barricas viejas de 9 a 14 meses.<\/p>\n<p><strong>Ficha Descriptiva<\/strong><br \/>\nTipo: Vino tinto<br \/>\nMarca: GAZNATA Gredos 2015<br \/>\nBodega: Don Juan del \u00c1guila<\/p>\n<p><strong>Ubicaci\u00f3n Geogr\u00e1fica<\/strong><br \/>\nPa\u00eds: Espa\u00f1a<br \/>\nRegi\u00f3n: Castilla y Le\u00f3n<br \/>\nLocalidad: El Barraco, \u00c1vila<br \/>\nDenominaci\u00f3n de Origen: Vinos de Cebreros \/Vino de la Tierra de Castilla y Le\u00f3n.<br \/>\nClima: Continental de alta monta\u00f1a.<\/p>\n<p><strong> Caracter\u00edsticas del vi\u00f1edo<\/strong><br \/>\nAltitud: 890 m.<br \/>\nTipo de suelo: Fundamentalmente gran\u00edticos.<br \/>\nSuperficie del vi\u00f1edo: Dos parcelas, total 1,5 Ha. Zona de Valdelate.<br \/>\nEdad: 90 y 103 a\u00f1os.<br \/>\nVariedad: Garnacha.<br \/>\nTipo de plantaci\u00f3n: Vaso<br \/>\nRendimiento: 4.500 kg\/Ha.<br \/>\nMarco de plantaci\u00f3n: 2.30 x 2.30 m y 2.00 x 2.00 m<br \/>\nViticultura: tradicional, manual<br \/>\nOtras caracter\u00edsticas: Arado bienal de parcelas con animal, fundamentalmente<br \/>\norientaci\u00f3n Norte, algunas partes Nordeste.<\/p>\n<p><strong>Elaboraci\u00f3n<\/strong><\/p>\n<p>Producci\u00f3n: 5.000 botellas<br \/>\nVinificaci\u00f3n: Selecci\u00f3n manual y fermentaci\u00f3n en dep\u00f3sitos de 1.000 litros sin adici\u00f3n levaduras y posterior crianza en barricas de varios usos de 225, 300 y 500 litros de roble franc\u00e9s, embotellado tras un ligero filtrado.<br \/>\nCrianza: 9 a 14 meses en barrica.<br \/>\nGrado: 14.5\u00ba<\/p>\n\n<\/div><h2 class=\"tabtitle\">Concrete 2015<\/h2>\n<div class=\"tabcontent\">\n\n<p><img loading=\"lazy\" decoding=\"async\" class=\"alignnone size-medium wp-image-94\" src=\"http:\/\/gaznata.com\/wp-content\/uploads\/2018\/01\/botella-II-200x300.jpg\" alt=\"\" width=\"200\" height=\"300\" srcset=\"https:\/\/gaznata.com\/wp-content\/uploads\/2018\/01\/botella-II-200x300.jpg 200w, https:\/\/gaznata.com\/wp-content\/uploads\/2018\/01\/botella-II-768x1152.jpg 768w, https:\/\/gaznata.com\/wp-content\/uploads\/2018\/01\/botella-II-683x1024.jpg 683w, https:\/\/gaznata.com\/wp-content\/uploads\/2018\/01\/botella-II.jpg 2000w\" sizes=\"(max-width: 200px) 100vw, 200px\" \/><\/p>\n<p><em><strong>GAZNATA Concrete 2015.<\/strong> <\/em><\/p>\n<p>Vino tinto con crianza de entre 14 a 16 meses en un dep\u00f3sito de hormig\u00f3n de 1.000 Arrobas, (16.000 litros) elaborado a partir de uvas 100% Garnacha, procedente del municipio de El Barraco, en la sierra de Gredos.<\/p>\n<p>Vi\u00f1edos de suelos arenosos y gran\u00edticos a m\u00e1s de 1.000 metros de altitud y con una edad media de 75 a\u00f1os. Se busca la evoluci\u00f3n y la complejidad de la garnacha a trav\u00e9s de un vino en el cual, por su elaboraci\u00f3n, no evitan los aportes organol\u00e9pticos de la crianza en madera. Se busca una maduraci\u00f3n m\u00e1s profunda que lo hace ser un vino m\u00e1s \u201cgastron\u00f3mico\u201d.<\/p>\n<p><strong>Ficha Descriptiva<\/strong><br \/>\nTipo: Vino tinto<br \/>\nMarca: GAZNATA Concrete 2015<br \/>\nBodega: Don Juan del \u00c1guila<\/p>\n<p><strong>Ubicaci\u00f3n Geogr\u00e1fica<\/strong><br \/>\nPa\u00eds: Espa\u00f1a<br \/>\nRegi\u00f3n: Castilla y Le\u00f3n<br \/>\nLocalidad: El Barraco, \u00c1vila<br \/>\nDenominaci\u00f3n de Origen: Vinos de Cebreros \/Vino de la Tierra de Castilla y Le\u00f3n.<br \/>\nClima: Continental de alta monta\u00f1a.<\/p>\n<p><strong> Caracter\u00edsticas del vi\u00f1edo<\/strong><br \/>\nAltitud: 1.009 m.<br \/>\nTipo de suelo: Fundamentalmente gran\u00edticos, textura franco arenosa.<br \/>\nSuperficie del vi\u00f1edo: Tres parcelas, total 4,5 Ha. Zona de La Vega<br \/>\nEdad: 60, 74 y 91 a\u00f1os<br \/>\nVariedad: Garnacha TIPO DE PLANTACI\u00d3N: vaso<br \/>\nRendimiento: 6.000 kg\/Ha. MARCO DE PLANTACI\u00d3N: 2.30 x 2.30 m<br \/>\nViticultura: Tradicional, manual.<br \/>\nOtras caracter\u00edsticas: Arado de fincas con animal, orientaciones fundamentalmente sur\/sudoeste todas, las fincas destinadas a este vino est\u00e1n ubicadas a m\u00e1s de mil metros.<\/p>\n<p><strong>Elaboraci\u00f3n<\/strong><\/p>\n<p>Producci\u00f3n: 17.000 botellas<br \/>\nVinificaci\u00f3n: Fermentaci\u00f3n en dep\u00f3sitos de hormig\u00f3n de 1000 arrobas con sus propias levaduras y posterior crianza, tambi\u00e9n en hormig\u00f3n, entre 14 y 16 meses, embotellado tras un ligero filtrado.<br \/>\nCrianza: 14 a 16 meses en dep\u00f3sito de hormig\u00f3n.<br \/>\nGrado: 14.5\u00ba<\/p>\n\n<\/div><h2 class=\"tabtitle\">Gaznata 2016<\/h2>\n<div class=\"tabcontent\">\n\n<p><img loading=\"lazy\" decoding=\"async\" class=\"alignnone size-medium wp-image-95\" src=\"http:\/\/gaznata.com\/wp-content\/uploads\/2018\/01\/botella-III-200x300.jpg\" alt=\"\" width=\"200\" height=\"300\" srcset=\"https:\/\/gaznata.com\/wp-content\/uploads\/2018\/01\/botella-III-200x300.jpg 200w, https:\/\/gaznata.com\/wp-content\/uploads\/2018\/01\/botella-III-768x1152.jpg 768w, https:\/\/gaznata.com\/wp-content\/uploads\/2018\/01\/botella-III-683x1024.jpg 683w, https:\/\/gaznata.com\/wp-content\/uploads\/2018\/01\/botella-III.jpg 2000w\" sizes=\"(max-width: 200px) 100vw, 200px\" \/><\/p>\n<p><em><strong>GAZNATA 2016.<\/strong> <\/em><\/p>\n<p>Vino tinto joven elaborado a partir de uvas 100% Garnacha, procedente del municipio de El Barraco, en la sierra de Gredos. Vi\u00f1edos de suelos arenosos y gran\u00edticos a m\u00e1s de 1.000 metros de altitud y con una edad media de 75 a\u00f1os. La filosof\u00eda de este vino es ser un vino sencillo, f\u00e1cil de beber y por supuesto de disfrutar, llegando al sector de consumo m\u00e1s popular y buscando que se nos reconozca por la mejor relaci\u00f3n calidad\/precio de la zona.<\/p>\n<p>De igual modo, nos gusta ser igual de respetuosos a la hora de elaborar el vino que a la hora de trabajar el campo, manteni\u00e9ndolo lo m\u00e1s puro posible y trat\u00e1ndolo con la mayor delicadeza, no someti\u00e9ndolo nunca a tratamientos agresivos, fuertes filtrados y procurando tener niveles muy bajos de sulfuroso.<\/p>\n<p><strong>Ficha Descriptiva<\/strong><br \/>\nTipo: Vino tinto<br \/>\nMarca: GAZNATA 2016<br \/>\nBodega: Don Juan del \u00c1guila<\/p>\n<p><strong>Ubicaci\u00f3n Geogr\u00e1fica<\/strong><br \/>\nPa\u00eds: Espa\u00f1a<br \/>\nRegi\u00f3n: Castilla y Le\u00f3n<br \/>\nLocalidad: El Barraco, \u00c1vila<br \/>\nDenominaci\u00f3n de Origen: Vinos de Cebreros \/Vino de la Tierra de Castilla y Le\u00f3n.<br \/>\nClima: Continental de alta monta\u00f1a.<\/p>\n<p><strong> Caracter\u00edsticas del vi\u00f1edo<\/strong><br \/>\nAltitud: Entre 900 y 1.000 m.<br \/>\nTipo de suelo: Fundamentalmente gran\u00edticos, textura franco arenosa.<br \/>\nSuperficie del vi\u00f1edo: 28 Ha.<br \/>\nEdad: 75 a\u00f1os<br \/>\nVariedad: Garnacha<br \/>\nTipo de plantaci\u00f3n: Vaso<br \/>\nRendimiento: 6.000 kg\/Ha.<br \/>\nMarco de plantaci\u00f3n: 2.30 x 2.30 m<br \/>\nViticultura: tradicional, manual<br \/>\nOtras caracter\u00edsticas: Uva proveniente de muchas parcelas con multiplicidad de alturas y orientaciones, solo tres de ellas se situar\u00edan fuera del t\u00e9rmino municipal de El Barraco, ubic\u00e1ndose en el colindante San Juan de la Nava.<\/p>\n<p><strong>Elaboraci\u00f3n<\/strong><\/p>\n<p>Producci\u00f3n: 50.000 botellas<br \/>\nVinificaci\u00f3n: Joven, fermentaci\u00f3n en dep\u00f3sitos de hormig\u00f3n de 1000 arrobas con sus propias levaduras.<br \/>\nCrianza: NO<br \/>\nGrado: 14\u00ba<\/p>\n<\/div><\/div>\n<p>&nbsp;<\/p>","protected":false},"excerpt":{"rendered":"<p>&nbsp; GAZNATA Gredos 2015. Vino tinto elaborado a partir de uvas 100% Garnacha, procedente de dos \u00fanicas parcelas de orientaci\u00f3n norte en la zona de Valdelate, en el Barraco, en la sierra de Gredos. Vi\u00f1edos de suelos arenosos a unos 890 metros de altitud y con una edad media de 95 a\u00f1os. A diferencia de &hellip; <\/p>\n<p class=\"link-more\"><a href=\"https:\/\/gaznata.com\/en\/una-seccion-de-la-pagina-de-inicio\/\" class=\"more-link\">Continue reading<span class=\"screen-reader-text\"> &#8220;Vinos_old&#8221;<\/span><\/a><\/p>\n","protected":false},"author":1,"featured_media":32,"parent":0,"menu_order":0,"comment_status":"closed","ping_status":"closed","template":"","meta":{"footnotes":""},"_links":{"self":[{"href":"https:\/\/gaznata.com\/en\/wp-json\/wp\/v2\/pages\/11"}],"collection":[{"href":"https:\/\/gaznata.com\/en\/wp-json\/wp\/v2\/pages"}],"about":[{"href":"https:\/\/gaznata.com\/en\/wp-json\/wp\/v2\/types\/page"}],"author":[{"embeddable":true,"href":"https:\/\/gaznata.com\/en\/wp-json\/wp\/v2\/users\/1"}],"replies":[{"embeddable":true,"href":"https:\/\/gaznata.com\/en\/wp-json\/wp\/v2\/comments?post=11"}],"version-history":[{"count":21,"href":"https:\/\/gaznata.com\/en\/wp-json\/wp\/v2\/pages\/11\/revisions"}],"predecessor-version":[{"id":137,"href":"https:\/\/gaznata.com\/en\/wp-json\/wp\/v2\/pages\/11\/revisions\/137"}],"wp:featuredmedia":[{"embeddable":true,"href":"https:\/\/gaznata.com\/en\/wp-json\/wp\/v2\/media\/32"}],"wp:attachment":[{"href":"https:\/\/gaznata.com\/en\/wp-json\/wp\/v2\/media?parent=11"}],"curies":[{"name":"wp","href":"https:\/\/api.w.org\/{rel}","templated":true}]}}